{"id":13851,"date":"2022-10-21T15:37:47","date_gmt":"2022-10-21T15:37:47","guid":{"rendered":"https:\/\/milianelectrodomestics.com\/reformas"},"modified":"2022-11-14T11:33:16","modified_gmt":"2022-11-14T11:33:16","slug":"reformas","status":"publish","type":"page","link":"https:\/\/milianelectrodomestics.com\/ca\/reformas\/","title":{"rendered":"Reformas"},"content":{"rendered":"<div class=\"wpb-content-wrapper\"><p>[vc_row full_width=&#8221;stretch_row&#8221; pix_particles_check=&#8221;&#8221; css=&#8221;.vc_custom_1666688221094{background-color: #ffffff !important;}&#8221;][vc_column width=&#8221;1\/3&#8243;][\/vc_column][vc_column width=&#8221;1\/3&#8243;][vc_empty_space]<div id=\"img-76ed5088b61ae54d3147266c18614b9e\" class=\"pix-img-element d-inline-block \" ><div class=\"pix-img-el    shadow-hover-sm text-center d-inline-block  w-100 rounded-0\"  ><img loading=\"lazy\" decoding=\"async\" width=\"530\" height=\"530\" src=\"https:\/\/milianelectrodomestics.com\/wp-content\/uploads\/2022\/10\/milian-electrodomestics-logo.png\" class=\"pix-img-elem rounded-0\" alt=\"Image link\" srcset=\"https:\/\/milianelectrodomestics.com\/wp-content\/uploads\/2022\/10\/milian-electrodomestics-logo.png 530w, https:\/\/milianelectrodomestics.com\/wp-content\/uploads\/2022\/10\/milian-electrodomestics-logo-300x300.png 300w, https:\/\/milianelectrodomestics.com\/wp-content\/uploads\/2022\/10\/milian-electrodomestics-logo-150x150.png 150w\" sizes=\"auto, (max-width: 530px) 100vw, 530px\" \/><\/div><\/div>[\/vc_column][vc_column width=&#8221;1\/3&#8243;][\/vc_column][\/vc_row][vc_row full_width=&#8221;stretch_row&#8221; pix_particles_check=&#8221;&#8221; css=&#8221;.vc_custom_1666688228546{background-color: #ffffff !important;}&#8221;][vc_column][vc_column_text]<\/p>\r\n<h3 style=\"text-align: center;\"><strong>Estem de reformes en la web, tornem en breu!\u00a0<\/strong><\/h3>\r\n<p>&nbsp;<\/p>\r\n<div class=\"x9f619 x1n2onr6 x1ja2u2z x78zum5 x2lah0s x1nhvcw1 x1qjc9v5 xozqiw3 x1q0g3np xyamay9 xykv574 xbmpl8g x4cne27 xifccgj\">\r\n<div class=\"x9f619 x1n2onr6 x1ja2u2z x78zum5 xdt5ytf x2lah0s x193iq5w xeuugli xsyo7zv x16hj40l x10b6aqq x1yrsyyn\" style=\"text-align: center;\"><img loading=\"lazy\" decoding=\"async\" class=\"x1b0d499 xuo83w3\" src=\"https:\/\/static.xx.fbcdn.net\/rsrc.php\/v3\/yT\/r\/Dc7-7AgwkwS.png\" alt=\"\" width=\"20\" height=\"20\" \/> 964 44 12 02<\/div>\r\n<\/div>\r\n<div class=\"x9f619 x1n2onr6 x1ja2u2z x78zum5 x2lah0s x1nhvcw1 x1qjc9v5 xozqiw3 x1q0g3np xyamay9 xykv574 xbmpl8g x4cne27 xifccgj\" style=\"text-align: center;\">\r\n<div class=\"x9f619 x1n2onr6 x1ja2u2z x78zum5 xdt5ytf x2lah0s x193iq5w xeuugli xsyo7zv x16hj40l x10b6aqq x1yrsyyn\">\r\n<p><img loading=\"lazy\" decoding=\"async\" class=\"x1b0d499 xuo83w3\" src=\"https:\/\/static.xx.fbcdn.net\/rsrc.php\/v3\/yE\/r\/2PIcyqpptfD.png\" alt=\"\" width=\"20\" height=\"20\" \/> info@milianelectrodomestics.com<\/p>\r\n<p>Carrer Valent\u00ed Montoliu 16, Villafranca del Cid, Spain<\/p>\r\n<\/div>\r\n<\/div>\r\n<p>[\/vc_column_text][\/vc_column][\/vc_row]<\/p><\/div>","protected":false},"excerpt":{"rendered":"[vc_row full_width=&#8221;stretch_row&#8221; pix_particles_check=&#8221;&#8221; css=&#8221;.vc_custom_1666688221094{background-color: #ffffff !important;}&#8221;][vc_column width=&#8221;1\/3&#8243;][\/vc_column][vc_column width=&#8221;1\/3&#8243;][vc_empty_space][\/vc_column][vc_column width=&#8221;1\/3&#8243;][\/vc_column][\/vc_row][vc_row full_width=&#8221;stretch_row&#8221; pix_particles_check=&#8221;&#8221; css=&#8221;.vc_custom_1666688228546{background-color: #ffffff !important;}&#8221;][vc_column][vc_column_text] Estem de reformes en la web, tornem en breu!\u00a0 &nbsp; 964 44 12 02 info@milianelectrodomestics.com Carrer Valent\u00ed Montoliu 16, Villafranca del Cid, Spain [\/vc_column_text][\/vc_column][\/vc_row]","protected":false},"author":1,"featured_media":0,"parent":0,"menu_order":0,"comment_status":"closed","ping_status":"open","template":"","meta":{"footnotes":""},"class_list":["post-13851","page","type-page","status-publish","hentry"],"yoast_head":"<!-- This site is optimized with the Yoast SEO plugin v27.4 - https:\/\/yoast.com\/product\/yoast-seo-wordpress\/ -->\n<title>Reformas - Milian Electrodomestics<\/title>\n<meta name=\"robots\" content=\"index, follow, max-snippet:-1, max-image-preview:large, max-video-preview:-1\" \/>\n<link rel=\"canonical\" href=\"https:\/\/milianelectrodomestics.com\/ca\/reformas\/\" \/>\n<meta property=\"og:locale\" content=\"en_US\" \/>\n<meta property=\"og:type\" content=\"article\" \/>\n<meta property=\"og:title\" content=\"Reformas - Milian Electrodomestics\" \/>\n<meta property=\"og:description\" content=\"[vc_row full_width=&#8221;stretch_row&#8221; pix_particles_check=&#8221;&#8221; css=&#8221;.vc_custom_1666688221094{background-color: #ffffff !important;}&#8221;][vc_column width=&#8221;1\/3&#8243;][\/vc_column][vc_column width=&#8221;1\/3&#8243;][vc_empty_space][\/vc_column][vc_column width=&#8221;1\/3&#8243;][\/vc_column][\/vc_row][vc_row full_width=&#8221;stretch_row&#8221; pix_particles_check=&#8221;&#8221; css=&#8221;.vc_custom_1666688228546{background-color: #ffffff !important;}&#8221;][vc_column][vc_column_text] Estem de reformes en la web, tornem en breu!\u00a0 &nbsp; 964 44 12 02 info@milianelectrodomestics.com Carrer Valent\u00ed Montoliu 16, Villafranca del Cid, Spain [\/vc_column_text][\/vc_column][\/vc_row]\" \/>\n<meta property=\"og:url\" content=\"https:\/\/milianelectrodomestics.com\/ca\/reformas\/\" \/>\n<meta property=\"og:site_name\" content=\"Milian Electrodomestics\" \/>\n<meta property=\"article:publisher\" content=\"https:\/\/www.facebook.com\/MilianElectrodomestics\/\" \/>\n<meta property=\"article:modified_time\" content=\"2022-11-14T11:33:16+00:00\" \/>\n<meta property=\"og:image\" content=\"https:\/\/static.xx.fbcdn.net\/rsrc.php\/v3\/yT\/r\/Dc7-7AgwkwS.png\" \/>\n<meta name=\"twitter:card\" content=\"summary_large_image\" \/>\n<meta name=\"twitter:label1\" content=\"Est. reading time\" \/>\n\t<meta name=\"twitter:data1\" content=\"1 minute\" \/>\n<script type=\"application\/ld+json\" class=\"yoast-schema-graph\">{\"@context\":\"https:\\\/\\\/schema.org\",\"@graph\":[{\"@type\":\"WebPage\",\"@id\":\"https:\\\/\\\/milianelectrodomestics.com\\\/ca\\\/reformas\\\/\",\"url\":\"https:\\\/\\\/milianelectrodomestics.com\\\/ca\\\/reformas\\\/\",\"name\":\"Reformas - Milian Electrodomestics\",\"isPartOf\":{\"@id\":\"https:\\\/\\\/milianelectrodomestics.com\\\/#website\"},\"primaryImageOfPage\":{\"@id\":\"https:\\\/\\\/milianelectrodomestics.com\\\/ca\\\/reformas\\\/#primaryimage\"},\"image\":{\"@id\":\"https:\\\/\\\/milianelectrodomestics.com\\\/ca\\\/reformas\\\/#primaryimage\"},\"thumbnailUrl\":\"https:\\\/\\\/static.xx.fbcdn.net\\\/rsrc.php\\\/v3\\\/yT\\\/r\\\/Dc7-7AgwkwS.png\",\"datePublished\":\"2022-10-21T15:37:47+00:00\",\"dateModified\":\"2022-11-14T11:33:16+00:00\",\"breadcrumb\":{\"@id\":\"https:\\\/\\\/milianelectrodomestics.com\\\/ca\\\/reformas\\\/#breadcrumb\"},\"inLanguage\":\"va\",\"potentialAction\":[{\"@type\":\"ReadAction\",\"target\":[\"https:\\\/\\\/milianelectrodomestics.com\\\/ca\\\/reformas\\\/\"]}]},{\"@type\":\"ImageObject\",\"inLanguage\":\"va\",\"@id\":\"https:\\\/\\\/milianelectrodomestics.com\\\/ca\\\/reformas\\\/#primaryimage\",\"url\":\"https:\\\/\\\/static.xx.fbcdn.net\\\/rsrc.php\\\/v3\\\/yT\\\/r\\\/Dc7-7AgwkwS.png\",\"contentUrl\":\"https:\\\/\\\/static.xx.fbcdn.net\\\/rsrc.php\\\/v3\\\/yT\\\/r\\\/Dc7-7AgwkwS.png\"},{\"@type\":\"BreadcrumbList\",\"@id\":\"https:\\\/\\\/milianelectrodomestics.com\\\/ca\\\/reformas\\\/#breadcrumb\",\"itemListElement\":[{\"@type\":\"ListItem\",\"position\":1,\"name\":\"Portada\",\"item\":\"https:\\\/\\\/milianelectrodomestics.com\\\/ca\\\/\"},{\"@type\":\"ListItem\",\"position\":2,\"name\":\"Reformas\"}]},{\"@type\":\"WebSite\",\"@id\":\"https:\\\/\\\/milianelectrodomestics.com\\\/#website\",\"url\":\"https:\\\/\\\/milianelectrodomestics.com\\\/\",\"name\":\"Milian Electrodomestics\",\"description\":\"Venta, instalaci\u00f3n y reparaci\u00f3n de electrodom\u00e9sticos en Vilafranca\",\"publisher\":{\"@id\":\"https:\\\/\\\/milianelectrodomestics.com\\\/#organization\"},\"potentialAction\":[{\"@type\":\"SearchAction\",\"target\":{\"@type\":\"EntryPoint\",\"urlTemplate\":\"https:\\\/\\\/milianelectrodomestics.com\\\/?s={search_term_string}\"},\"query-input\":{\"@type\":\"PropertyValueSpecification\",\"valueRequired\":true,\"valueName\":\"search_term_string\"}}],\"inLanguage\":\"va\"},{\"@type\":\"Organization\",\"@id\":\"https:\\\/\\\/milianelectrodomestics.com\\\/#organization\",\"name\":\"Milian Electrodomestics\",\"url\":\"https:\\\/\\\/milianelectrodomestics.com\\\/\",\"logo\":{\"@type\":\"ImageObject\",\"inLanguage\":\"va\",\"@id\":\"https:\\\/\\\/milianelectrodomestics.com\\\/#\\\/schema\\\/logo\\\/image\\\/\",\"url\":\"https:\\\/\\\/milianelectrodomestics.com\\\/wp-content\\\/uploads\\\/2022\\\/10\\\/logo-MILIAN-ELECTRODOMESTICS-menu.png\",\"contentUrl\":\"https:\\\/\\\/milianelectrodomestics.com\\\/wp-content\\\/uploads\\\/2022\\\/10\\\/logo-MILIAN-ELECTRODOMESTICS-menu.png\",\"width\":230,\"height\":92,\"caption\":\"Milian Electrodomestics\"},\"image\":{\"@id\":\"https:\\\/\\\/milianelectrodomestics.com\\\/#\\\/schema\\\/logo\\\/image\\\/\"},\"sameAs\":[\"https:\\\/\\\/www.facebook.com\\\/MilianElectrodomestics\\\/\"]}]}<\/script>\n<!-- \/ Yoast SEO plugin. -->","yoast_head_json":{"title":"Reformas - Milian Electrodomestics","robots":{"index":"index","follow":"follow","max-snippet":"max-snippet:-1","max-image-preview":"max-image-preview:large","max-video-preview":"max-video-preview:-1"},"canonical":"https:\/\/milianelectrodomestics.com\/ca\/reformas\/","og_locale":"en_US","og_type":"article","og_title":"Reformas - Milian Electrodomestics","og_description":"[vc_row full_width=&#8221;stretch_row&#8221; pix_particles_check=&#8221;&#8221; css=&#8221;.vc_custom_1666688221094{background-color: #ffffff !important;}&#8221;][vc_column width=&#8221;1\/3&#8243;][\/vc_column][vc_column width=&#8221;1\/3&#8243;][vc_empty_space][\/vc_column][vc_column width=&#8221;1\/3&#8243;][\/vc_column][\/vc_row][vc_row full_width=&#8221;stretch_row&#8221; pix_particles_check=&#8221;&#8221; css=&#8221;.vc_custom_1666688228546{background-color: #ffffff !important;}&#8221;][vc_column][vc_column_text] Estem de reformes en la web, tornem en breu!\u00a0 &nbsp; 964 44 12 02 info@milianelectrodomestics.com Carrer Valent\u00ed Montoliu 16, Villafranca del Cid, Spain [\/vc_column_text][\/vc_column][\/vc_row]","og_url":"https:\/\/milianelectrodomestics.com\/ca\/reformas\/","og_site_name":"Milian Electrodomestics","article_publisher":"https:\/\/www.facebook.com\/MilianElectrodomestics\/","article_modified_time":"2022-11-14T11:33:16+00:00","og_image":[{"url":"https:\/\/static.xx.fbcdn.net\/rsrc.php\/v3\/yT\/r\/Dc7-7AgwkwS.png","type":"","width":"","height":""}],"twitter_card":"summary_large_image","twitter_misc":{"Est. reading time":"1 minute"},"schema":{"@context":"https:\/\/schema.org","@graph":[{"@type":"WebPage","@id":"https:\/\/milianelectrodomestics.com\/ca\/reformas\/","url":"https:\/\/milianelectrodomestics.com\/ca\/reformas\/","name":"Reformas - Milian Electrodomestics","isPartOf":{"@id":"https:\/\/milianelectrodomestics.com\/#website"},"primaryImageOfPage":{"@id":"https:\/\/milianelectrodomestics.com\/ca\/reformas\/#primaryimage"},"image":{"@id":"https:\/\/milianelectrodomestics.com\/ca\/reformas\/#primaryimage"},"thumbnailUrl":"https:\/\/static.xx.fbcdn.net\/rsrc.php\/v3\/yT\/r\/Dc7-7AgwkwS.png","datePublished":"2022-10-21T15:37:47+00:00","dateModified":"2022-11-14T11:33:16+00:00","breadcrumb":{"@id":"https:\/\/milianelectrodomestics.com\/ca\/reformas\/#breadcrumb"},"inLanguage":"va","potentialAction":[{"@type":"ReadAction","target":["https:\/\/milianelectrodomestics.com\/ca\/reformas\/"]}]},{"@type":"ImageObject","inLanguage":"va","@id":"https:\/\/milianelectrodomestics.com\/ca\/reformas\/#primaryimage","url":"https:\/\/static.xx.fbcdn.net\/rsrc.php\/v3\/yT\/r\/Dc7-7AgwkwS.png","contentUrl":"https:\/\/static.xx.fbcdn.net\/rsrc.php\/v3\/yT\/r\/Dc7-7AgwkwS.png"},{"@type":"BreadcrumbList","@id":"https:\/\/milianelectrodomestics.com\/ca\/reformas\/#breadcrumb","itemListElement":[{"@type":"ListItem","position":1,"name":"Portada","item":"https:\/\/milianelectrodomestics.com\/ca\/"},{"@type":"ListItem","position":2,"name":"Reformas"}]},{"@type":"WebSite","@id":"https:\/\/milianelectrodomestics.com\/#website","url":"https:\/\/milianelectrodomestics.com\/","name":"Milian Electrodomestics","description":"Venta, instalaci\u00f3n y reparaci\u00f3n de electrodom\u00e9sticos en Vilafranca","publisher":{"@id":"https:\/\/milianelectrodomestics.com\/#organization"},"potentialAction":[{"@type":"SearchAction","target":{"@type":"EntryPoint","urlTemplate":"https:\/\/milianelectrodomestics.com\/?s={search_term_string}"},"query-input":{"@type":"PropertyValueSpecification","valueRequired":true,"valueName":"search_term_string"}}],"inLanguage":"va"},{"@type":"Organization","@id":"https:\/\/milianelectrodomestics.com\/#organization","name":"Milian Electrodomestics","url":"https:\/\/milianelectrodomestics.com\/","logo":{"@type":"ImageObject","inLanguage":"va","@id":"https:\/\/milianelectrodomestics.com\/#\/schema\/logo\/image\/","url":"https:\/\/milianelectrodomestics.com\/wp-content\/uploads\/2022\/10\/logo-MILIAN-ELECTRODOMESTICS-menu.png","contentUrl":"https:\/\/milianelectrodomestics.com\/wp-content\/uploads\/2022\/10\/logo-MILIAN-ELECTRODOMESTICS-menu.png","width":230,"height":92,"caption":"Milian Electrodomestics"},"image":{"@id":"https:\/\/milianelectrodomestics.com\/#\/schema\/logo\/image\/"},"sameAs":["https:\/\/www.facebook.com\/MilianElectrodomestics\/"]}]}},"_links":{"self":[{"href":"https:\/\/milianelectrodomestics.com\/ca\/wp-json\/wp\/v2\/pages\/13851","targetHints":{"allow":["GET"]}}],"collection":[{"href":"https:\/\/milianelectrodomestics.com\/ca\/wp-json\/wp\/v2\/pages"}],"about":[{"href":"https:\/\/milianelectrodomestics.com\/ca\/wp-json\/wp\/v2\/types\/page"}],"author":[{"embeddable":true,"href":"https:\/\/milianelectrodomestics.com\/ca\/wp-json\/wp\/v2\/users\/1"}],"replies":[{"embeddable":true,"href":"https:\/\/milianelectrodomestics.com\/ca\/wp-json\/wp\/v2\/comments?post=13851"}],"version-history":[{"count":1,"href":"https:\/\/milianelectrodomestics.com\/ca\/wp-json\/wp\/v2\/pages\/13851\/revisions"}],"predecessor-version":[{"id":13852,"href":"https:\/\/milianelectrodomestics.com\/ca\/wp-json\/wp\/v2\/pages\/13851\/revisions\/13852"}],"wp:attachment":[{"href":"https:\/\/milianelectrodomestics.com\/ca\/wp-json\/wp\/v2\/media?parent=13851"}],"curies":[{"name":"wp","href":"https:\/\/api.w.org\/{rel}","templated":true}]}}